{"id":8,"date":"2021-08-09T19:17:27","date_gmt":"2021-08-09T19:17:27","guid":{"rendered":"http:\/\/www.pavlakinclova.cz\/?page_id=8"},"modified":"2022-09-08T17:31:00","modified_gmt":"2022-09-08T17:31:00","slug":"kontakt","status":"publish","type":"page","link":"https:\/\/www.pavlakinclova.cz\/index.php\/kontakt\/","title":{"rendered":"Kontakt"},"content":{"rendered":"\n<p>Prvn\u00ed kontakt\u00a0je nejl\u00e9pe prov\u00e9st\u00a0po emailu. Nad Va\u0161imi dotazy se m\u016f\u017eeme\u00a0l\u00e9pe zamyslet a odpov\u011bd\u011bt. N\u00e1sledn\u011b si m\u016f\u017eeme zavolat, nebo se dle dohody setkat. V emailu na sebe zanechte mobiln\u00ed \u010d\u00edslo a my V\u00e1s budeme\u00a0kontaktovat.\u00a0<\/p>\n\n\n\n<h2>Chcete se dozv\u011bd\u011bt v\u00edce? Napi\u0161te n\u00e1m!<\/h2>\n\n\n<div class=\"wpforms-container wpforms-container-full\" id=\"wpforms-312\"><form id=\"wpforms-form-312\" class=\"wpforms-validate wpforms-form wpforms-ajax-form\" data-formid=\"312\" method=\"post\" enctype=\"multipart\/form-data\" action=\"\/index.php\/wp-json\/wp\/v2\/pages\/8\" data-token=\"18068adb1cc8f912ed748764b1550560\"><noscript class=\"wpforms-error-noscript\">Chcete-li vyplnit tento formul\u00e1\u0159, pros\u00edm povolte v prohl\u00ed\u017ee\u010di JavaScript.<\/noscript><div class=\"wpforms-field-container\"><div id=\"wpforms-312-field_0-container\" class=\"wpforms-field wpforms-field-name\" data-field-id=\"0\"><label class=\"wpforms-field-label\" for=\"wpforms-312-field_0\">Jm\u00e9no <span class=\"wpforms-required-label\">*<\/span><\/label><div class=\"wpforms-field-row wpforms-field-medium\"><div class=\"wpforms-field-row-block wpforms-first wpforms-one-half\"><input type=\"text\" id=\"wpforms-312-field_0\" class=\"wpforms-field-name-first wpforms-field-required\" name=\"wpforms[fields][0][first]\" required><label for=\"wpforms-312-field_0\" class=\"wpforms-field-sublabel after \">K\u0159estn\u00ed jm\u00e9no<\/label><\/div><div class=\"wpforms-field-row-block wpforms-one-half\"><input type=\"text\" id=\"wpforms-312-field_0-last\" class=\"wpforms-field-name-last wpforms-field-required\" name=\"wpforms[fields][0][last]\" required><label for=\"wpforms-312-field_0-last\" class=\"wpforms-field-sublabel after \">P\u0159\u00edjmen\u00ed<\/label><\/div><\/div><\/div><div id=\"wpforms-312-field_1-container\" class=\"wpforms-field wpforms-field-email\" data-field-id=\"1\"><label class=\"wpforms-field-label\" for=\"wpforms-312-field_1\">E-mail <span class=\"wpforms-required-label\">*<\/span><\/label><input type=\"email\" id=\"wpforms-312-field_1\" class=\"wpforms-field-medium wpforms-field-required\" name=\"wpforms[fields][1]\" required><\/div><div id=\"wpforms-312-field_5-container\" class=\"wpforms-field wpforms-field-textarea\" data-field-id=\"5\"><label class=\"wpforms-field-label\" for=\"wpforms-312-field_5\">Popt\u00e1van\u00fd term\u00edn<\/label><textarea id=\"wpforms-312-field_5\" class=\"wpforms-field-small wpforms-limit-characters-enabled\" data-form-id=\"312\" data-field-id=\"5\" data-text-limit=\"200\" name=\"wpforms[fields][5]\" maxlength=\"200\" >01\/05\/2026<\/textarea><\/div><div id=\"wpforms-312-field_2-container\" class=\"wpforms-field wpforms-field-textarea\" data-field-id=\"2\"><label class=\"wpforms-field-label\" for=\"wpforms-312-field_2\">Zpr\u00e1va <span class=\"wpforms-required-label\">*<\/span><\/label><textarea id=\"wpforms-312-field_2\" class=\"wpforms-field-medium wpforms-field-required\" name=\"wpforms[fields][2]\" required><\/textarea><\/div><div id=\"wpforms-312-field_6-container\" class=\"wpforms-field wpforms-field-select wpforms-field-select-style-classic\" data-field-id=\"6\"><label class=\"wpforms-field-label\" for=\"wpforms-312-field_6\">Popt\u00e1v\u00e1m slu\u017ebu: <span class=\"wpforms-required-label\">*<\/span><\/label><select id=\"wpforms-312-field_6\" class=\"wpforms-field-medium wpforms-field-required\" name=\"wpforms[fields][6]\" required=\"required\"><option value=\"Svatebn\u00ed bal\u00ed\u010dek - BASIC\" >Svatebn\u00ed bal\u00ed\u010dek - BASIC<\/option><option value=\"Svatebn\u00ed bal\u00ed\u010dek - DELUXE\" >Svatebn\u00ed bal\u00ed\u010dek - DELUXE<\/option><option value=\"Svatebn\u00ed bal\u00ed\u010dek - DELUXE+\" >Svatebn\u00ed bal\u00ed\u010dek - DELUXE+<\/option><option value=\"Firemn\u00ed akce\" >Firemn\u00ed akce<\/option><option value=\"Rodinn\u00e9 focen\u00ed\" >Rodinn\u00e9 focen\u00ed<\/option><option value=\"Jin\u00e9\" >Jin\u00e9<\/option><\/select><\/div><\/div><div class=\"wpforms-recaptcha-container wpforms-is-recaptcha\"><div class=\"g-recaptcha\" data-sitekey=\"6LdvCw0UAAAAABThbFc_kgAg5VSHl6TEn3OC1nBM\"><\/div><input type=\"text\" name=\"g-recaptcha-hidden\" class=\"wpforms-recaptcha-hidden\" style=\"position:absolute!important;clip:rect(0,0,0,0)!important;height:1px!important;width:1px!important;border:0!important;overflow:hidden!important;padding:0!important;margin:0!important;\" required><\/div><div class=\"wpforms-submit-container\"><input type=\"hidden\" name=\"wpforms[id]\" value=\"312\"><input type=\"hidden\" name=\"wpforms[author]\" value=\"1\"><button type=\"submit\" name=\"wpforms[submit]\" id=\"wpforms-submit-312\" class=\"wpforms-submit more-link\" data-alt-text=\"Odes\u00edl\u00e1ni...\" data-submit-text=\"Odeslat\" aria-live=\"assertive\" value=\"wpforms-submit\">Odeslat<\/button><img src=\"https:\/\/www.pavlakinclova.cz\/wp-content\/plugins\/wpforms-lite\/assets\/images\/submit-spin.svg\" class=\"wpforms-submit-spinner\" style=\"display: none;\" width=\"26\" height=\"26\" alt=\"Na\u010d\u00edt\u00e1n\u00ed\"><\/div><\/form><\/div>  <!-- .wpforms-container -->","protected":false},"excerpt":{"rendered":"<p>Prvn\u00ed kontakt\u00a0je nejl\u00e9pe prov\u00e9st\u00a0po emailu. Nad Va\u0161imi dotazy se m\u016f\u017eeme\u00a0l\u00e9pe zamyslet a odpov\u011bd\u011bt. N\u00e1sledn\u011b si m\u016f\u017eeme zavolat, nebo se dle dohody setkat. V emailu na sebe zanechte mobiln\u00ed \u010d\u00edslo a my V\u00e1s budeme\u00a0kontaktovat.\u00a0 Chcete se<span class=\"more-button\"><a href=\"https:\/\/www.pavlakinclova.cz\/index.php\/kontakt\/\" class=\"more-link\">Pokra\u010dovat ve \u010dten\u00ed<span class=\"screen-reader-text\">Kontakt<\/span><i class=\"fa fa-angle-right\" aria-hidden=\"true\"><\/i><\/a><\/span><\/p>\n","protected":false},"author":1,"featured_media":0,"parent":0,"menu_order":5,"comment_status":"closed","ping_status":"closed","template":"","meta":[],"_links":{"self":[{"href":"https:\/\/www.pavlakinclova.cz\/index.php\/wp-json\/wp\/v2\/pages\/8"}],"collection":[{"href":"https:\/\/www.pavlakinclova.cz\/index.php\/wp-json\/wp\/v2\/pages"}],"about":[{"href":"https:\/\/www.pavlakinclova.cz\/index.php\/wp-json\/wp\/v2\/types\/page"}],"author":[{"embeddable":true,"href":"https:\/\/www.pavlakinclova.cz\/index.php\/wp-json\/wp\/v2\/users\/1"}],"replies":[{"embeddable":true,"href":"https:\/\/www.pavlakinclova.cz\/index.php\/wp-json\/wp\/v2\/comments?post=8"}],"version-history":[{"count":4,"href":"https:\/\/www.pavlakinclova.cz\/index.php\/wp-json\/wp\/v2\/pages\/8\/revisions"}],"predecessor-version":[{"id":317,"href":"https:\/\/www.pavlakinclova.cz\/index.php\/wp-json\/wp\/v2\/pages\/8\/revisions\/317"}],"wp:attachment":[{"href":"https:\/\/www.pavlakinclova.cz\/index.php\/wp-json\/wp\/v2\/media?parent=8"}],"curies":[{"name":"wp","href":"https:\/\/api.w.org\/{rel}","templated":true}]}}