{"id":6,"date":"2021-08-09T19:17:27","date_gmt":"2021-08-09T19:17:27","guid":{"rendered":"http:\/\/www.pavlakinclova.cz\/?page_id=6"},"modified":"2022-09-03T00:15:10","modified_gmt":"2022-09-03T00:15:10","slug":"otevira-se-nove-umoma-2","status":"publish","type":"page","link":"https:\/\/www.pavlakinclova.cz\/","title":{"rendered":"V\u00edtejte"},"content":{"rendered":"\n<p><\/p>\n\n\n\n<p><\/p>\n\n\n\n<p class=\"has-drop-cap\">P\u0159ipravili jsme pro V\u00e1s zcela nov\u00e9 webov\u00e9 str\u00e1nky, kde naleznete v\u0161e pro Va\u0161i dokonalou svatbu, rodinn\u00e9 focen\u00ed, oslavu, firemn\u00ed ve\u010d\u00edrek a jin\u00e9.<\/p>\n\n\n\n<p><\/p>\n","protected":false},"excerpt":{"rendered":"<p>P\u0159ipravili jsme pro V\u00e1s zcela nov\u00e9 webov\u00e9 str\u00e1nky, kde naleznete v\u0161e pro Va\u0161i dokonalou svatbu, rodinn\u00e9 focen\u00ed, oslavu, firemn\u00ed ve\u010d\u00edrek a jin\u00e9.<\/p>\n","protected":false},"author":1,"featured_media":5,"parent":0,"menu_order":1,"comment_status":"closed","ping_status":"closed","template":"","meta":[],"_links":{"self":[{"href":"https:\/\/www.pavlakinclova.cz\/index.php\/wp-json\/wp\/v2\/pages\/6"}],"collection":[{"href":"https:\/\/www.pavlakinclova.cz\/index.php\/wp-json\/wp\/v2\/pages"}],"about":[{"href":"https:\/\/www.pavlakinclova.cz\/index.php\/wp-json\/wp\/v2\/types\/page"}],"author":[{"embeddable":true,"href":"https:\/\/www.pavlakinclova.cz\/index.php\/wp-json\/wp\/v2\/users\/1"}],"replies":[{"embeddable":true,"href":"https:\/\/www.pavlakinclova.cz\/index.php\/wp-json\/wp\/v2\/comments?post=6"}],"version-history":[{"count":11,"href":"https:\/\/www.pavlakinclova.cz\/index.php\/wp-json\/wp\/v2\/pages\/6\/revisions"}],"predecessor-version":[{"id":311,"href":"https:\/\/www.pavlakinclova.cz\/index.php\/wp-json\/wp\/v2\/pages\/6\/revisions\/311"}],"wp:featuredmedia":[{"embeddable":true,"href":"https:\/\/www.pavlakinclova.cz\/index.php\/wp-json\/wp\/v2\/media\/5"}],"wp:attachment":[{"href":"https:\/\/www.pavlakinclova.cz\/index.php\/wp-json\/wp\/v2\/media?parent=6"}],"curies":[{"name":"wp","href":"https:\/\/api.w.org\/{rel}","templated":true}]}}