{"id":245,"date":"2022-09-02T23:14:21","date_gmt":"2022-09-02T23:14:21","guid":{"rendered":"https:\/\/www.pavlakinclova.cz\/?page_id=245"},"modified":"2023-07-20T18:58:12","modified_gmt":"2023-07-20T18:58:12","slug":"nabidka","status":"publish","type":"page","link":"https:\/\/www.pavlakinclova.cz\/index.php\/nabidka\/","title":{"rendered":"Nab\u00eddka slu\u017eeb"},"content":{"rendered":"\n<!--nextpage-->\n\n\n\n<h2 class=\"has-text-align-center\">Svatebn\u00ed bal\u00ed\u010dky<\/h2>\n\n\n\n<div class=\"is-layout-flex wp-container-4 wp-block-columns\">\n<div class=\"is-layout-flow wp-block-column\">\n<figure class=\"wp-block-image size-full is-style-default\"><img decoding=\"async\" loading=\"lazy\" width=\"423\" height=\"689\" src=\"https:\/\/www.pavlakinclova.cz\/wp-content\/uploads\/2023\/07\/balicek_basic.png\" alt=\"\" class=\"wp-image-3134\" srcset=\"https:\/\/www.pavlakinclova.cz\/wp-content\/uploads\/2023\/07\/balicek_basic.png 423w, https:\/\/www.pavlakinclova.cz\/wp-content\/uploads\/2023\/07\/balicek_basic-184x300.png 184w\" sizes=\"(max-width: 423px) 100vw, 423px\" \/><\/figure>\n<\/div>\n\n\n\n<div class=\"is-layout-flow wp-block-column\">\n<figure class=\"wp-block-image size-full\"><img decoding=\"async\" loading=\"lazy\" width=\"423\" height=\"689\" src=\"https:\/\/www.pavlakinclova.cz\/wp-content\/uploads\/2023\/07\/balicek_deluxe.png\" alt=\"\" class=\"wp-image-3133\" srcset=\"https:\/\/www.pavlakinclova.cz\/wp-content\/uploads\/2023\/07\/balicek_deluxe.png 423w, https:\/\/www.pavlakinclova.cz\/wp-content\/uploads\/2023\/07\/balicek_deluxe-184x300.png 184w\" sizes=\"(max-width: 423px) 100vw, 423px\" \/><\/figure>\n<\/div>\n\n\n\n<div class=\"is-layout-flow wp-block-column\">\n<figure class=\"wp-block-image size-full\"><img decoding=\"async\" loading=\"lazy\" width=\"423\" height=\"689\" src=\"https:\/\/www.pavlakinclova.cz\/wp-content\/uploads\/2023\/07\/balicek_deluxe_plus.png\" alt=\"\" class=\"wp-image-3132\" srcset=\"https:\/\/www.pavlakinclova.cz\/wp-content\/uploads\/2023\/07\/balicek_deluxe_plus.png 423w, https:\/\/www.pavlakinclova.cz\/wp-content\/uploads\/2023\/07\/balicek_deluxe_plus-184x300.png 184w\" sizes=\"(max-width: 423px) 100vw, 423px\" \/><\/figure>\n<\/div>\n<\/div>\n","protected":false},"excerpt":{"rendered":"<p>Svatebn\u00ed bal\u00ed\u010dky<\/p>\n","protected":false},"author":1,"featured_media":0,"parent":0,"menu_order":3,"comment_status":"closed","ping_status":"closed","template":"","meta":[],"_links":{"self":[{"href":"https:\/\/www.pavlakinclova.cz\/index.php\/wp-json\/wp\/v2\/pages\/245"}],"collection":[{"href":"https:\/\/www.pavlakinclova.cz\/index.php\/wp-json\/wp\/v2\/pages"}],"about":[{"href":"https:\/\/www.pavlakinclova.cz\/index.php\/wp-json\/wp\/v2\/types\/page"}],"author":[{"embeddable":true,"href":"https:\/\/www.pavlakinclova.cz\/index.php\/wp-json\/wp\/v2\/users\/1"}],"replies":[{"embeddable":true,"href":"https:\/\/www.pavlakinclova.cz\/index.php\/wp-json\/wp\/v2\/comments?post=245"}],"version-history":[{"count":20,"href":"https:\/\/www.pavlakinclova.cz\/index.php\/wp-json\/wp\/v2\/pages\/245\/revisions"}],"predecessor-version":[{"id":3135,"href":"https:\/\/www.pavlakinclova.cz\/index.php\/wp-json\/wp\/v2\/pages\/245\/revisions\/3135"}],"wp:attachment":[{"href":"https:\/\/www.pavlakinclova.cz\/index.php\/wp-json\/wp\/v2\/media?parent=245"}],"curies":[{"name":"wp","href":"https:\/\/api.w.org\/{rel}","templated":true}]}}